{"id":6467,"date":"2021-01-26T16:12:21","date_gmt":"2021-01-26T15:12:21","guid":{"rendered":"http:\/\/haushoen.projecten.mijnmarketing.com\/?page_id=6467"},"modified":"2021-01-26T16:12:21","modified_gmt":"2021-01-26T15:12:21","slug":"impressum","status":"publish","type":"page","link":"https:\/\/haushoen.com\/de\/impressum\/","title":{"rendered":"Impressum"},"content":{"rendered":"[vc_row type=\"in_container\" full_screen_row_position=\"middle\" column_margin=\"default\" column_direction=\"default\" column_direction_tablet=\"default\" column_direction_phone=\"default\" scene_position=\"center\" top_padding=\"4%\" bottom_padding=\"12%\" text_color=\"dark\" text_align=\"left\" row_border_radius=\"none\" row_border_radius_applies=\"bg\" overlay_strength=\"0.3\" gradient_direction=\"left_to_right\" enable_shape_divider=\"true\" shape_divider_color=\"#34634d\" shape_divider_position=\"bottom\" shape_divider_height=\"300\" bg_image_animation=\"none\" shape_type=\"mountains\"][vc_column column_padding=\"no-extra-padding\" column_padding_tablet=\"inherit\" column_padding_phone=\"inherit\" column_padding_position=\"all\" background_color_opacity=\"1\" background_hover_color_opacity=\"1\" column_shadow=\"none\" column_border_radius=\"none\" column_link_target=\"_self\" gradient_direction=\"left_to_right\" overlay_strength=\"0.3\" width=\"1\/1\" tablet_width_inherit=\"default\" tablet_text_alignment=\"default\" phone_text_alignment=\"default\" column_border_width=\"none\" column_border_style=\"solid\" bg_image_animation=\"none\"][vc_column_text]\n<h1>Impressum<\/h1>\n<p>Haus Hoen<\/p>\n<h3>Kontaktdaten<\/h3>\n<p>familie Hoen<\/p>\n<p>Haus Hoen<br \/>\nGartenraststrasse 28<br \/>\n9545<br \/>\nUntertweng<br \/>\nAustria<\/p>\n<p>Tel.: <a href=\"tel:+31651056852\">+31 (0)6 51 05 68 52<\/a><br \/>\nEmail: <a href=\"mailto:info@haushoen.com\">info@haushoen.com<\/a><\/p>\n<h3>Copyright \/ Haftung<\/h3>\n<p>Im Hinblick auf die technischen Eigenschaften des Internets kann keine Gew\u00e4hr f\u00fcr die Authentizit\u00e4t, Richtigkeit und Vollst\u00e4ndigkeit der im Internet zur Verf\u00fcgung gestellten Informationen \u00fcbernommen werden. Es wird auch keine Gew\u00e4hr f\u00fcr die Verf\u00fcgbarkeit oder den Betrieb der gegenst\u00e4ndlichen Homepage und ihrer Inhalte \u00fcbernommen.<\/p>\n<p>Jede Haftung f\u00fcr unmittelbare, mittelbare oder sonstige Sch\u00e4den, unabh\u00e4ngig von deren Ursachen, die aus der Benutzung oder Nichtverf\u00fcgbarkeit der Daten und Informationen dieser Homepage erwachsen, wird, soweit rechtlich zul\u00e4ssig, ausgeschlossen.<\/p>\n<p>Der Inhalt dieser Homepage ist urheberrechtlich gesch\u00fctzt. Die Informationen sind nur f\u00fcr die pers\u00f6nliche Verwendung bestimmt. Jede weitergehende Nutzung insbesondere die Speicherung in Datenbanken, Vervielf\u00e4ltigung und jede Form von gewerblicher Nutzung sowie die Weitergabe an Dritte \u2013 auch in Teilen oder in \u00fcberarbeiteter Form \u2013 ohne Zustimmung der jeweiligen Organisation ist untersagt.<\/p>\n<p>Jede Einbindung einzelner Seiten unseres Angebotes in fremde Frames ist zu unterlassen.<\/p>\n<h3>Urheberrechte<\/h3>\n<p>Der Inhalt dieser Website ist urheberrechtlich gesch\u00fctzt. Die Bereitstellung von Inhalten und Bildmaterial dieser Website auf anderen Websites ist nur mit ausdr\u00fccklicher Genehmigung der Redaktion gestattet. Die auf dieser Website enthaltenen Angaben werden nach bestem Wissen erstellt und mit gro\u00dfer Sorgfalt auf ihre Richtigkeit \u00fcberpr\u00fcft. Trotzdem sind inhaltliche und sachliche Fehler nicht vollst\u00e4ndig auszuschlie\u00dfen.<\/p>\n<p>Das Hotel HausHoen \u00fcbernimmt keinerlei Garantie und Haftung f\u00fcr die Richtigkeit, Aktualit\u00e4t und Vollst\u00e4ndigkeit der bereitgestellten Informationen. Alle Angaben sind ohne Gew\u00e4hr. Dies gilt auch f\u00fcr alle Links zu anderen URLs, die auf unserer Website genannt werden.[\/vc_column_text][\/vc_column][\/vc_row]\n","protected":false},"excerpt":{"rendered":"<p>[vc_row type=\"in_container\" full_screen_row_position=\"middle\" column_margin=\"default\" column_direction=\"default\" column_direction_tablet=\"default\" column_direction_phone=\"default\" scene_position=\"center\" top_padding=\"4%\" bottom_padding=\"12%\" text_color=\"dark\" text_align=\"left\" row_border_radius=\"none\" row_border_radius_applies=\"bg\" overlay_strength=\"0.3\" gradient_direction=\"left_to_right\" enable_shape_divider=\"true\" shape_divider_color=\"#34634d\" shape_divider_position=\"bottom\" shape_divider_height=\"300\" bg_image_animation=\"none\" shape_type=\"mountains\"][vc_column column_padding=\"no-extra-padding\" column_padding_tablet=\"inherit\" column_padding_phone=\"inherit\"...<\/p>\n","protected":false},"author":1,"featured_media":0,"parent":0,"menu_order":0,"comment_status":"closed","ping_status":"open","template":"","meta":{"inline_featured_image":false,"footnotes":""},"class_list":["post-6467","page","type-page","status-publish"],"yoast_head":"<!-- This site is optimized with the Yoast SEO plugin v27.5 - https:\/\/yoast.com\/product\/yoast-seo-wordpress\/ -->\n<title>Impressum - Haus Hoen<\/title>\n<meta name=\"robots\" content=\"index, follow, max-snippet:-1, max-image-preview:large, max-video-preview:-1\" \/>\n<link rel=\"canonical\" href=\"https:\/\/haushoen.com\/de\/impressum\/\" \/>\n<meta property=\"og:locale\" content=\"de_DE\" \/>\n<meta property=\"og:type\" content=\"article\" \/>\n<meta property=\"og:title\" content=\"Impressum - Haus Hoen\" \/>\n<meta property=\"og:description\" content=\"[vc_row type=&quot;in_container&quot; full_screen_row_position=&quot;middle&quot; column_margin=&quot;default&quot; column_direction=&quot;default&quot; column_direction_tablet=&quot;default&quot; column_direction_phone=&quot;default&quot; scene_position=&quot;center&quot; top_padding=&quot;4%&quot; bottom_padding=&quot;12%&quot; text_color=&quot;dark&quot; text_align=&quot;left&quot; row_border_radius=&quot;none&quot; row_border_radius_applies=&quot;bg&quot; overlay_strength=&quot;0.3&quot; gradient_direction=&quot;left_to_right&quot; enable_shape_divider=&quot;true&quot; shape_divider_color=&quot;#34634d&quot; shape_divider_position=&quot;bottom&quot; shape_divider_height=&quot;300&quot; bg_image_animation=&quot;none&quot; shape_type=&quot;mountains&quot;][vc_column column_padding=&quot;no-extra-padding&quot; column_padding_tablet=&quot;inherit&quot; column_padding_phone=&quot;inherit&quot;...\" \/>\n<meta property=\"og:url\" content=\"https:\/\/haushoen.com\/de\/impressum\/\" \/>\n<meta property=\"og:site_name\" content=\"Haus Hoen\" \/>\n<meta name=\"twitter:card\" content=\"summary_large_image\" \/>\n<meta name=\"twitter:label1\" content=\"Gesch\u00e4tzte Lesezeit\" \/>\n\t<meta name=\"twitter:data1\" content=\"2\u00a0Minuten\" \/>\n<script type=\"application\/ld+json\" class=\"yoast-schema-graph\">{\"@context\":\"https:\\\/\\\/schema.org\",\"@graph\":[{\"@type\":\"WebPage\",\"@id\":\"https:\\\/\\\/haushoen.com\\\/de\\\/impressum\\\/\",\"url\":\"https:\\\/\\\/haushoen.com\\\/de\\\/impressum\\\/\",\"name\":\"Impressum - Haus Hoen\",\"isPartOf\":{\"@id\":\"https:\\\/\\\/haushoen.com\\\/#website\"},\"datePublished\":\"2021-01-26T15:12:21+00:00\",\"breadcrumb\":{\"@id\":\"https:\\\/\\\/haushoen.com\\\/de\\\/impressum\\\/#breadcrumb\"},\"inLanguage\":\"de\",\"potentialAction\":[{\"@type\":\"ReadAction\",\"target\":[\"https:\\\/\\\/haushoen.com\\\/de\\\/impressum\\\/\"]}]},{\"@type\":\"BreadcrumbList\",\"@id\":\"https:\\\/\\\/haushoen.com\\\/de\\\/impressum\\\/#breadcrumb\",\"itemListElement\":[{\"@type\":\"ListItem\",\"position\":1,\"name\":\"Home\",\"item\":\"https:\\\/\\\/haushoen.com\\\/de\\\/\"},{\"@type\":\"ListItem\",\"position\":2,\"name\":\"Impressum\"}]},{\"@type\":\"WebSite\",\"@id\":\"https:\\\/\\\/haushoen.com\\\/#website\",\"url\":\"https:\\\/\\\/haushoen.com\\\/\",\"name\":\"Haus Hoen\",\"description\":\"Zwischen Berg und See\",\"potentialAction\":[{\"@type\":\"SearchAction\",\"target\":{\"@type\":\"EntryPoint\",\"urlTemplate\":\"https:\\\/\\\/haushoen.com\\\/?s={search_term_string}\"},\"query-input\":{\"@type\":\"PropertyValueSpecification\",\"valueRequired\":true,\"valueName\":\"search_term_string\"}}],\"inLanguage\":\"de\"}]}<\/script>\n<!-- \/ Yoast SEO plugin. -->","yoast_head_json":{"title":"Impressum - Haus Hoen","robots":{"index":"index","follow":"follow","max-snippet":"max-snippet:-1","max-image-preview":"max-image-preview:large","max-video-preview":"max-video-preview:-1"},"canonical":"https:\/\/haushoen.com\/de\/impressum\/","og_locale":"de_DE","og_type":"article","og_title":"Impressum - Haus Hoen","og_description":"[vc_row type=\"in_container\" full_screen_row_position=\"middle\" column_margin=\"default\" column_direction=\"default\" column_direction_tablet=\"default\" column_direction_phone=\"default\" scene_position=\"center\" top_padding=\"4%\" bottom_padding=\"12%\" text_color=\"dark\" text_align=\"left\" row_border_radius=\"none\" row_border_radius_applies=\"bg\" overlay_strength=\"0.3\" gradient_direction=\"left_to_right\" enable_shape_divider=\"true\" shape_divider_color=\"#34634d\" shape_divider_position=\"bottom\" shape_divider_height=\"300\" bg_image_animation=\"none\" shape_type=\"mountains\"][vc_column column_padding=\"no-extra-padding\" column_padding_tablet=\"inherit\" column_padding_phone=\"inherit\"...","og_url":"https:\/\/haushoen.com\/de\/impressum\/","og_site_name":"Haus Hoen","twitter_card":"summary_large_image","twitter_misc":{"Gesch\u00e4tzte Lesezeit":"2\u00a0Minuten"},"schema":{"@context":"https:\/\/schema.org","@graph":[{"@type":"WebPage","@id":"https:\/\/haushoen.com\/de\/impressum\/","url":"https:\/\/haushoen.com\/de\/impressum\/","name":"Impressum - Haus Hoen","isPartOf":{"@id":"https:\/\/haushoen.com\/#website"},"datePublished":"2021-01-26T15:12:21+00:00","breadcrumb":{"@id":"https:\/\/haushoen.com\/de\/impressum\/#breadcrumb"},"inLanguage":"de","potentialAction":[{"@type":"ReadAction","target":["https:\/\/haushoen.com\/de\/impressum\/"]}]},{"@type":"BreadcrumbList","@id":"https:\/\/haushoen.com\/de\/impressum\/#breadcrumb","itemListElement":[{"@type":"ListItem","position":1,"name":"Home","item":"https:\/\/haushoen.com\/de\/"},{"@type":"ListItem","position":2,"name":"Impressum"}]},{"@type":"WebSite","@id":"https:\/\/haushoen.com\/#website","url":"https:\/\/haushoen.com\/","name":"Haus Hoen","description":"Zwischen Berg und See","potentialAction":[{"@type":"SearchAction","target":{"@type":"EntryPoint","urlTemplate":"https:\/\/haushoen.com\/?s={search_term_string}"},"query-input":{"@type":"PropertyValueSpecification","valueRequired":true,"valueName":"search_term_string"}}],"inLanguage":"de"}]}},"_links":{"self":[{"href":"https:\/\/haushoen.com\/de\/wp-json\/wp\/v2\/pages\/6467","targetHints":{"allow":["GET"]}}],"collection":[{"href":"https:\/\/haushoen.com\/de\/wp-json\/wp\/v2\/pages"}],"about":[{"href":"https:\/\/haushoen.com\/de\/wp-json\/wp\/v2\/types\/page"}],"author":[{"embeddable":true,"href":"https:\/\/haushoen.com\/de\/wp-json\/wp\/v2\/users\/1"}],"replies":[{"embeddable":true,"href":"https:\/\/haushoen.com\/de\/wp-json\/wp\/v2\/comments?post=6467"}],"version-history":[{"count":0,"href":"https:\/\/haushoen.com\/de\/wp-json\/wp\/v2\/pages\/6467\/revisions"}],"wp:attachment":[{"href":"https:\/\/haushoen.com\/de\/wp-json\/wp\/v2\/media?parent=6467"}],"curies":[{"name":"wp","href":"https:\/\/api.w.org\/{rel}","templated":true}]}}