{"id":6399,"date":"2021-01-28T08:46:41","date_gmt":"2021-01-28T07:46:41","guid":{"rendered":"http:\/\/haushoen.projecten.mijnmarketing.com\/?page_id=6399"},"modified":"2021-01-28T08:48:14","modified_gmt":"2021-01-28T07:48:14","slug":"datenschutzerklaerung","status":"publish","type":"page","link":"https:\/\/haushoen.com\/de\/datenschutzerklaerung\/","title":{"rendered":"Datenschutzerkl\u00e4rung"},"content":{"rendered":"[vc_row type=\"in_container\" full_screen_row_position=\"middle\" column_margin=\"default\" column_direction=\"default\" column_direction_tablet=\"default\" column_direction_phone=\"default\" scene_position=\"center\" top_padding=\"4%\" bottom_padding=\"14%\" text_color=\"dark\" text_align=\"left\" row_border_radius=\"none\" row_border_radius_applies=\"bg\" overlay_strength=\"0.3\" gradient_direction=\"left_to_right\" enable_shape_divider=\"true\" shape_divider_color=\"#34634d\" shape_divider_position=\"bottom\" shape_divider_height=\"300\" bg_image_animation=\"none\" shape_type=\"mountains\"][vc_column column_padding=\"no-extra-padding\" column_padding_tablet=\"inherit\" column_padding_phone=\"inherit\" column_padding_position=\"all\" background_color_opacity=\"1\" background_hover_color_opacity=\"1\" column_shadow=\"none\" column_border_radius=\"none\" column_link_target=\"_self\" gradient_direction=\"left_to_right\" overlay_strength=\"0.3\" width=\"1\/1\" tablet_width_inherit=\"default\" tablet_text_alignment=\"default\" phone_text_alignment=\"default\" column_border_width=\"none\" column_border_style=\"solid\" bg_image_animation=\"none\"][vc_column_text]\n<h1>Datenschutzerkl\u00e4rung<\/h1>\n<p>Verantwortlich f\u00fcr die Verarbeitung Ihrer personenbezogenen Daten auf unserer Website ist Haus Hoen, Gartenraststrasse 28, 9545 Untertweng, \u00d6sterreich, <a href=\"mailto:info@haushoen.com\">info@haushoen.com<\/a>. Wir nehmen den Schutz Ihrer pers\u00f6nlichen Daten sehr ernst. Wir behandeln Ihre personenbezogenen Daten vertraulich und entsprechend der gesetzlichen Datenschutzvorschriften sowie dieser Datenschutzerkl\u00e4rung. Ihre Daten werden ohne Ihre ausdr\u00fcckliche Zustimmung nicht an andere Empf\u00e4nger weitergegeben.<\/p>\n<h3>Kontaktformular<\/h3>\n<p>Nach Absenden des Kontaktformulars erfolgt eine Verarbeitung der angegebenen Daten durch den datenschutzrechtlich Verantwortlichen Haus Hoen, Gartenraststrasse 28, 9545 Untertweng, \u00d6sterreich, <a href=\"mailto:info@haushoen.com\">info@haushoen.com<\/a> zum Zweck der Bearbeitung Ihrer Anfrage auf Grundlage Ihrer durch das Absenden des Formulars erteilten Einwilligung. Es erfolgt eine Weiterverarbeitung der Daten zum Zweck der Direktwerbung, welche mit dem urspr\u00fcnglichen Verarbeitungszweck vereinbar ist, auf derselben Rechtsgrundlage bis auf Widerspruch. Es besteht keine gesetzliche oder vertragliche Verpflichtung zur Bereitstellung der personenbezogenen Daten. Die Nichtbereitstellung hat lediglich zur Folge, dass Sie Ihr Anliegen nicht \u00fcbermitteln und wir dieses nicht bearbeiten k\u00f6nnen. Eine Weitergabe an andere Empf\u00e4nger erfolgt nicht. Sie haben das Recht, Ihre Einwilligung jederzeit durch schriftliche Mitteilung zu widerrufen, ohne dass die Rechtm\u00e4\u00dfigkeit der aufgrund der Einwilligung bis zum Widerruf erfolgten Verarbeitung ber\u00fchrt wird. Sie haben das Recht, der Verwendung Ihrer personenbezogenen Daten zum Zweck der Direktwerbung jederzeit durch schriftliche Mitteilung zu widersprechen. Im Fall des Widerspruchs werden Ihre personenbezogenen Daten nicht mehr zum Zweck der Direktwerbung verarbeitet. Sie haben das Recht auf Auskunft, Berichtigung, L\u00f6schung, Einschr\u00e4nkung der Verarbeitung und \u00dcbertragbarkeit Ihrer personenbezogenen Daten sowie das Recht auf Beschwerde bei der Aufsichtsbeh\u00f6rde.<\/p>\n<h3>\u201eTeilen\u201c-Buttons<\/h3>\n<p>Unsere Website verf\u00fcgt auf manchen Seiten \u00fcber Buttons zum Teilen der Seiteninhalte auf den Social Media-Plattformen Facebook und Instagram. Die Buttons sind im Sinn des Schutzes der personenbezogenen Daten unserer Websitebesucher ideal ausgestaltet, da das hinter den Buttons liegende Skript (Computerprogramm) keine personenbezogenen Daten erfasst oder verarbeitet. Websitebesucher, die unsere Seite teilen wollen, werden bei Klick auf die Buttons direkt auf die \u201eTeilen\u201c-Seiten der jeweiligen Social Media-Plattformen geleitet. Erst dort werden die zum Teilen der Seiteninhalte notwendigen Skripte geladen. Dabei gelten dann die vom Websitebesucher mit den jeweiligen Social Media-Plattformen vereinbarten Gesch\u00e4fts- und Datenschutzbedingungen. Genaue Informationen dar\u00fcber bieten die jeweiligen Plattformen Facebook und Instagram.<\/p>\n<h3>Cookies \u2013 diese Website verwendet Cookies<\/h3>\n<p>Cookies machen Websites f\u00fcr den Benutzer benutzerfreundlicher und effizienter. Ein Cookie ist eine kleine Textdatei, die zur Speicherung von Informationen dient. Beim Besuch einer Website kann die Website auf dem Computer des Website-Besuchers ein Cookie platzieren. Besucht der Benutzer die Website sp\u00e4ter wieder, kann die Website die Daten des fr\u00fcher gespeicherten Cookies auslesen und so z.B. feststellen, ob der Benutzer die Website schon fr\u00fcher besucht hat und f\u00fcr welche Bereiche der Website sich der Benutzer besonders interessiert hat.<\/p>\n<h3>\u00c4ndern der Cookie-Einstellungen<\/h3>\n<p>Wie der Web-Browser mit Cookies umgeht, welche Cookies zugelassen oder abgelehnt werden, kann der Benutzer in den Einstellungen des Web-Browsers festlegen. Wo genau sich diese Einstellungen befinden, h\u00e4ngt vom jeweiligen Web-Browser ab. Detailinformationen dazu k\u00f6nnen \u00fcber die Hilfe-Funktion des jeweiligen Web-Browsers aufgerufen werden. Wenn die Nutzung von Cookies eingeschr\u00e4nkt wird, sind unter Umst\u00e4nden nicht mehr alle Funktionen dieser Website vollumf\u00e4nglich nutzbar.<\/p>\n<h3>Cookies auf unserer Website<\/h3>\n<p>Unsere Website verwendet folgende Anbieter:<\/p>\n<ul>\n<li>Google Analytics<\/li>\n<li>Google Tag Manager<\/li>\n<li>Facebook Connect<\/li>\n<li>Facebook Custom Audience<\/li>\n<li>Facebook Pixel<\/li>\n<\/ul>\n<h3>Google Analytics<\/h3>\n<p>Diese Website verwendet Google Analytics, einen Webanalysedienst der Google Inc, 1600 Amphitheatre Parkway Mountain View, CA 94043, USA (\u201eGoogle\u201c) auf der Rechtsgrundlage des \u00fcberwiegenden berechtigten Interesses (Analyse der Websitenutzung). Wir haben dazu mit Google einen Vertrag zur Auftragsdatenverarbeitung abgeschlossen.<\/p>\n<p>Beim Aufruf unserer Webseite wird \u00fcber eine Software eine Verbindung zu den Servern von Google hergestellt und Daten an teils in den USA befindliche Server von Google \u00fcbermittelt. Google Analytics verwendet zudem Cookies zur Speicherung von Informationen \u00fcber den Website-Benutzer und zur Analyse der Benutzung der Website durch die Website-Benutzer. Diese Website nutzt die Funktion \u201eAktivierung der IP-Anonymisierung\u201c.<\/p>\n<p>Dadurch wird Ihre IP-Adresse von Google innerhalb von Mitgliedstaaten der Europ\u00e4ischen Union oder in anderen Vertragsstaaten des Abkommens \u00fcber den Europ\u00e4ischen Wirtschaftsraum zuvor gek\u00fcrzt. Nur in Ausnahmef\u00e4llen wird die volle IP-Adresse an einen Server von Google in den USA \u00fcbertragen und dort gek\u00fcrzt. Laut Angaben von Google wird Google die erhobenen Daten benutzen, um die Nutzung der Website auszuwerten, um Reports \u00fcber die Websiteaktivit\u00e4ten zusammenzustellen und um weitere mit der Websitenutzung und der Internetnutzung verbundene Dienstleistungen zu erbringen. Auch wird Google diese Informationen gegebenenfalls an Dritte \u00fcbertragen, sofern dies gesetzlich vorgeschrieben ist oder soweit Dritte diese Daten im Auftrag von Google verarbeiten. Detaillierte Informationen zum Umgang mit Nutzerdaten bei Google Analytics finden Sie in der Datenschutzerkl\u00e4rung von Google bzw. von Google Analytics.<\/p>\n<h3>Google Analytics deaktivieren<\/h3>\n<p>Sie k\u00f6nnen die Erfassung Ihrer Nutzerdaten durch Google Analytics generell auf allen Websites verhindern, indem Sie das unter dem folgenden Link verf\u00fcgbare Browser-Plugin herunterladen und installieren: https:\/\/tools.google.com\/dlpage\/gaoptout?hl=de<\/p>\n<p>Sie k\u00f6nnen die Erfassung Ihrer Nutzerdaten durch Google Analytics nur auf dieser Website verhindern, indem Sie auf folgenden Link klicken. Es wird ein Opt-Out-Cookie gesetzt, das die Erfassung Ihrer Daten bei zuk\u00fcnftigen Besuchen dieser Website verhindert: Google Analytics deaktivieren.<\/p>\n<h3>Facebook Pixel<\/h3>\n<p>Diese Website verwendet Facebook Pixel, einen Webanalysedienst der Facebook Ireland Limited, 4 Grand Canal Square, Dublin 2, Irland (\u201eFacebook\u201c) auf der Rechtsgrundlage des \u00fcberwiegenden berechtigten Interesses.<\/p>\n<p>Wir haben dazu mit Facebook einen Vertrag zur Auftragsdatenverarbeitung abgeschlossen. Die Daten werden teilweise in die USA \u00fcbertragen. Die \u00dcbermittlung der Daten in die USA erfolgt auf Grundlage des Privacy Shields. Beim Aufruf unserer Webseite wird \u00fcber eine Software eine Verbindung zu den Servern von Facebook hergestellt und Daten an teils in den USA befindliche Server von Facebook \u00fcbermittelt.<\/p>\n<p>Facebook Pixel verwendet zudem Cookies zur Speicherung von Informationen \u00fcber den Website-Benutzer und zur Analyse der Benutzung der Website durch die Website-Benutzer. Laut Angaben von Facebook wird Facebook die erhobenen Daten benutzen, um die Nutzung der Website auszuwerten, um Reports \u00fcber die Websiteaktivit\u00e4ten zusammenzustellen und um weitere mit der Websitenutzung und der Internetnutzung verbundene Dienstleistungen zu erbringen.<\/p>\n<p>Auch wird Facebook diese Informationen gegebenenfalls an Dritte \u00fcbertragen, sofern dies gesetzlich vorgeschrieben ist oder soweit Dritte diese Daten im Auftrag von Facebook verarbeiten. Detaillierte Informationen zum Umgang mit Nutzerdaten bei Facebook finden Sie in der Datenschutzerkl\u00e4rung von www.facebook.com.<\/p>\n<h3>Ihre Rechte<\/h3>\n<p>Sie haben das Recht auf Auskunft, Berichtigung, L\u00f6schung und Einschr\u00e4nkung der Verarbeitung der personenbezogenen Daten sowie das Recht auf Daten\u00fcbertragbarkeit.<\/p>\n<p>Sie haben das Recht auf Widerruf eventuell erteilter Einwilligungen zur Verarbeitung Ihrer personenbezogenen Daten. Die Rechtm\u00e4\u00dfigkeit der Verarbeitung der personenbezogenen Daten bis zum Widerruf wird durch den Widerruf nicht ber\u00fchrt. Sie haben das Recht auf Widerspruch gegen die Verarbeitung Ihrer personenbezogenen Daten zum Zweck der Direktwerbung. Im Fall des Widerspruchs werden Ihre personenbezogenen Daten nicht mehr zum Zwecke der Direktwerbung verarbeitet.<\/p>\n[\/vc_column_text][\/vc_column][\/vc_row]\n","protected":false},"excerpt":{"rendered":"<p>[vc_row type=\"in_container\" full_screen_row_position=\"middle\" column_margin=\"default\" column_direction=\"default\" column_direction_tablet=\"default\" column_direction_phone=\"default\" scene_position=\"center\" top_padding=\"4%\" bottom_padding=\"14%\" text_color=\"dark\" text_align=\"left\" row_border_radius=\"none\" row_border_radius_applies=\"bg\" overlay_strength=\"0.3\" gradient_direction=\"left_to_right\" enable_shape_divider=\"true\" shape_divider_color=\"#34634d\" shape_divider_position=\"bottom\" shape_divider_height=\"300\" bg_image_animation=\"none\" shape_type=\"mountains\"][vc_column column_padding=\"no-extra-padding\" column_padding_tablet=\"inherit\" column_padding_phone=\"inherit\"...<\/p>\n","protected":false},"author":4,"featured_media":0,"parent":0,"menu_order":0,"comment_status":"closed","ping_status":"open","template":"","meta":{"inline_featured_image":false,"footnotes":""},"class_list":["post-6399","page","type-page","status-publish"],"yoast_head":"<!-- This site is optimized with the Yoast SEO plugin v27.5 - https:\/\/yoast.com\/product\/yoast-seo-wordpress\/ -->\n<title>Datenschutzerkl\u00e4rung - Haus Hoen<\/title>\n<meta name=\"robots\" content=\"index, follow, max-snippet:-1, max-image-preview:large, max-video-preview:-1\" \/>\n<link rel=\"canonical\" href=\"https:\/\/haushoen.com\/de\/datenschutzerklaerung\/\" \/>\n<meta property=\"og:locale\" content=\"de_DE\" \/>\n<meta property=\"og:type\" content=\"article\" \/>\n<meta property=\"og:title\" content=\"Datenschutzerkl\u00e4rung - Haus Hoen\" \/>\n<meta property=\"og:description\" content=\"[vc_row type=&quot;in_container&quot; full_screen_row_position=&quot;middle&quot; column_margin=&quot;default&quot; column_direction=&quot;default&quot; column_direction_tablet=&quot;default&quot; column_direction_phone=&quot;default&quot; scene_position=&quot;center&quot; top_padding=&quot;4%&quot; bottom_padding=&quot;14%&quot; text_color=&quot;dark&quot; text_align=&quot;left&quot; row_border_radius=&quot;none&quot; row_border_radius_applies=&quot;bg&quot; overlay_strength=&quot;0.3&quot; gradient_direction=&quot;left_to_right&quot; enable_shape_divider=&quot;true&quot; shape_divider_color=&quot;#34634d&quot; shape_divider_position=&quot;bottom&quot; shape_divider_height=&quot;300&quot; bg_image_animation=&quot;none&quot; shape_type=&quot;mountains&quot;][vc_column column_padding=&quot;no-extra-padding&quot; column_padding_tablet=&quot;inherit&quot; column_padding_phone=&quot;inherit&quot;...\" \/>\n<meta property=\"og:url\" content=\"https:\/\/haushoen.com\/de\/datenschutzerklaerung\/\" \/>\n<meta property=\"og:site_name\" content=\"Haus Hoen\" \/>\n<meta property=\"article:modified_time\" content=\"2021-01-28T07:48:14+00:00\" \/>\n<meta name=\"twitter:card\" content=\"summary_large_image\" \/>\n<meta name=\"twitter:label1\" content=\"Gesch\u00e4tzte Lesezeit\" \/>\n\t<meta name=\"twitter:data1\" content=\"6\u00a0Minuten\" \/>\n<script type=\"application\/ld+json\" class=\"yoast-schema-graph\">{\"@context\":\"https:\\\/\\\/schema.org\",\"@graph\":[{\"@type\":\"WebPage\",\"@id\":\"https:\\\/\\\/haushoen.com\\\/de\\\/datenschutzerklaerung\\\/\",\"url\":\"https:\\\/\\\/haushoen.com\\\/de\\\/datenschutzerklaerung\\\/\",\"name\":\"Datenschutzerkl\u00e4rung - Haus Hoen\",\"isPartOf\":{\"@id\":\"https:\\\/\\\/haushoen.com\\\/#website\"},\"datePublished\":\"2021-01-28T07:46:41+00:00\",\"dateModified\":\"2021-01-28T07:48:14+00:00\",\"breadcrumb\":{\"@id\":\"https:\\\/\\\/haushoen.com\\\/de\\\/datenschutzerklaerung\\\/#breadcrumb\"},\"inLanguage\":\"de\",\"potentialAction\":[{\"@type\":\"ReadAction\",\"target\":[\"https:\\\/\\\/haushoen.com\\\/de\\\/datenschutzerklaerung\\\/\"]}]},{\"@type\":\"BreadcrumbList\",\"@id\":\"https:\\\/\\\/haushoen.com\\\/de\\\/datenschutzerklaerung\\\/#breadcrumb\",\"itemListElement\":[{\"@type\":\"ListItem\",\"position\":1,\"name\":\"Home\",\"item\":\"https:\\\/\\\/haushoen.com\\\/de\\\/\"},{\"@type\":\"ListItem\",\"position\":2,\"name\":\"Datenschutzerkl\u00e4rung\"}]},{\"@type\":\"WebSite\",\"@id\":\"https:\\\/\\\/haushoen.com\\\/#website\",\"url\":\"https:\\\/\\\/haushoen.com\\\/\",\"name\":\"Haus Hoen\",\"description\":\"Zwischen Berg und See\",\"potentialAction\":[{\"@type\":\"SearchAction\",\"target\":{\"@type\":\"EntryPoint\",\"urlTemplate\":\"https:\\\/\\\/haushoen.com\\\/?s={search_term_string}\"},\"query-input\":{\"@type\":\"PropertyValueSpecification\",\"valueRequired\":true,\"valueName\":\"search_term_string\"}}],\"inLanguage\":\"de\"}]}<\/script>\n<!-- \/ Yoast SEO plugin. -->","yoast_head_json":{"title":"Datenschutzerkl\u00e4rung - Haus Hoen","robots":{"index":"index","follow":"follow","max-snippet":"max-snippet:-1","max-image-preview":"max-image-preview:large","max-video-preview":"max-video-preview:-1"},"canonical":"https:\/\/haushoen.com\/de\/datenschutzerklaerung\/","og_locale":"de_DE","og_type":"article","og_title":"Datenschutzerkl\u00e4rung - Haus Hoen","og_description":"[vc_row type=\"in_container\" full_screen_row_position=\"middle\" column_margin=\"default\" column_direction=\"default\" column_direction_tablet=\"default\" column_direction_phone=\"default\" scene_position=\"center\" top_padding=\"4%\" bottom_padding=\"14%\" text_color=\"dark\" text_align=\"left\" row_border_radius=\"none\" row_border_radius_applies=\"bg\" overlay_strength=\"0.3\" gradient_direction=\"left_to_right\" enable_shape_divider=\"true\" shape_divider_color=\"#34634d\" shape_divider_position=\"bottom\" shape_divider_height=\"300\" bg_image_animation=\"none\" shape_type=\"mountains\"][vc_column column_padding=\"no-extra-padding\" column_padding_tablet=\"inherit\" column_padding_phone=\"inherit\"...","og_url":"https:\/\/haushoen.com\/de\/datenschutzerklaerung\/","og_site_name":"Haus Hoen","article_modified_time":"2021-01-28T07:48:14+00:00","twitter_card":"summary_large_image","twitter_misc":{"Gesch\u00e4tzte Lesezeit":"6\u00a0Minuten"},"schema":{"@context":"https:\/\/schema.org","@graph":[{"@type":"WebPage","@id":"https:\/\/haushoen.com\/de\/datenschutzerklaerung\/","url":"https:\/\/haushoen.com\/de\/datenschutzerklaerung\/","name":"Datenschutzerkl\u00e4rung - Haus Hoen","isPartOf":{"@id":"https:\/\/haushoen.com\/#website"},"datePublished":"2021-01-28T07:46:41+00:00","dateModified":"2021-01-28T07:48:14+00:00","breadcrumb":{"@id":"https:\/\/haushoen.com\/de\/datenschutzerklaerung\/#breadcrumb"},"inLanguage":"de","potentialAction":[{"@type":"ReadAction","target":["https:\/\/haushoen.com\/de\/datenschutzerklaerung\/"]}]},{"@type":"BreadcrumbList","@id":"https:\/\/haushoen.com\/de\/datenschutzerklaerung\/#breadcrumb","itemListElement":[{"@type":"ListItem","position":1,"name":"Home","item":"https:\/\/haushoen.com\/de\/"},{"@type":"ListItem","position":2,"name":"Datenschutzerkl\u00e4rung"}]},{"@type":"WebSite","@id":"https:\/\/haushoen.com\/#website","url":"https:\/\/haushoen.com\/","name":"Haus Hoen","description":"Zwischen Berg und See","potentialAction":[{"@type":"SearchAction","target":{"@type":"EntryPoint","urlTemplate":"https:\/\/haushoen.com\/?s={search_term_string}"},"query-input":{"@type":"PropertyValueSpecification","valueRequired":true,"valueName":"search_term_string"}}],"inLanguage":"de"}]}},"_links":{"self":[{"href":"https:\/\/haushoen.com\/de\/wp-json\/wp\/v2\/pages\/6399","targetHints":{"allow":["GET"]}}],"collection":[{"href":"https:\/\/haushoen.com\/de\/wp-json\/wp\/v2\/pages"}],"about":[{"href":"https:\/\/haushoen.com\/de\/wp-json\/wp\/v2\/types\/page"}],"author":[{"embeddable":true,"href":"https:\/\/haushoen.com\/de\/wp-json\/wp\/v2\/users\/4"}],"replies":[{"embeddable":true,"href":"https:\/\/haushoen.com\/de\/wp-json\/wp\/v2\/comments?post=6399"}],"version-history":[{"count":0,"href":"https:\/\/haushoen.com\/de\/wp-json\/wp\/v2\/pages\/6399\/revisions"}],"wp:attachment":[{"href":"https:\/\/haushoen.com\/de\/wp-json\/wp\/v2\/media?parent=6399"}],"curies":[{"name":"wp","href":"https:\/\/api.w.org\/{rel}","templated":true}]}}