{"id":6382,"date":"2021-01-26T09:22:22","date_gmt":"2021-01-26T08:22:22","guid":{"rendered":"http:\/\/haushoen.projecten.mijnmarketing.com\/?page_id=6382"},"modified":"2024-02-02T15:34:07","modified_gmt":"2024-02-02T14:34:07","slug":"haus-hoen","status":"publish","type":"page","link":"https:\/\/haushoen.com\/de\/haus-hoen\/","title":{"rendered":"Haus Hoen"},"content":{"rendered":"[vc_row type=\"full_width_background\" full_screen_row_position=\"middle\" column_margin=\"default\" column_direction=\"default\" column_direction_tablet=\"default\" column_direction_phone=\"default\" scene_position=\"center\" top_padding=\"100\" text_color=\"dark\" text_align=\"left\" row_border_radius=\"none\" row_border_radius_applies=\"bg\" overflow=\"visible\" overlay_strength=\"0.3\" gradient_direction=\"left_to_right\" shape_divider_position=\"bottom\" bg_image_animation=\"none\" shape_type=\"\"][vc_column column_padding=\"no-extra-padding\" column_padding_tablet=\"inherit\" column_padding_phone=\"inherit\" column_padding_position=\"all\" column_element_spacing=\"default\" background_color_opacity=\"1\" background_hover_color_opacity=\"1\" column_shadow=\"none\" column_border_radius=\"none\" column_link_target=\"_self\" column_position=\"default\" gradient_direction=\"left_to_right\" overlay_strength=\"0.3\" width=\"1\/1\" tablet_width_inherit=\"default\" tablet_text_alignment=\"default\" phone_text_alignment=\"default\" animation_type=\"default\" bg_image_animation=\"none\" border_type=\"simple\" column_border_width=\"none\" column_border_style=\"solid\"][vc_row_inner column_margin=\"default\" column_direction=\"default\" column_direction_tablet=\"default\" column_direction_phone=\"default\" text_align=\"left\" row_position=\"default\" row_position_tablet=\"inherit\" row_position_phone=\"inherit\" class=\"row-inner-heading\" overflow=\"visible\" pointer_events=\"all\"][vc_column_inner column_padding=\"no-extra-padding\" column_padding_tablet=\"inherit\" column_padding_phone=\"inherit\" column_padding_position=\"all\" column_element_spacing=\"default\" background_color_opacity=\"1\" background_hover_color_opacity=\"1\" column_shadow=\"none\" column_border_radius=\"none\" column_link_target=\"_self\" gradient_direction=\"left_to_right\" overlay_strength=\"0.3\" width=\"1\/1\" tablet_width_inherit=\"default\" animation_type=\"default\" bg_image_animation=\"none\" border_type=\"simple\" column_border_width=\"none\" column_border_style=\"solid\"][image_with_animation image_url=\"6272\" image_size=\"full\" animation_type=\"entrance\" animation=\"Fade In\" hover_animation=\"none\" alignment=\"center\" border_radius=\"none\" box_shadow=\"none\" image_loading=\"default\" max_width=\"100%\" max_width_mobile=\"default\" el_class=\"title-icon\"][vc_custom_heading text=\"Haus Hoen\" font_container=\"tag:h1|text_align:center|color:%2334634d\" use_theme_fonts=\"yes\"][divider line_type=\"Full Width Line\" line_thickness=\"1\" divider_color=\"accent-color\" animate=\"yes\"][\/vc_column_inner][\/vc_row_inner][\/vc_column][\/vc_row][vc_row type=\"in_container\" full_screen_row_position=\"middle\" column_margin=\"default\" column_direction=\"default\" column_direction_tablet=\"default\" column_direction_phone=\"default\" scene_position=\"center\" top_padding=\"4%\" bottom_padding=\"4%\" text_color=\"dark\" text_align=\"left\" row_border_radius=\"none\" row_border_radius_applies=\"bg\" overflow=\"visible\" overlay_strength=\"0.3\" gradient_direction=\"left_to_right\" shape_divider_color=\"#34634d\" shape_divider_position=\"bottom\" shape_divider_height=\"300\" bg_image_animation=\"none\" shape_type=\"mountains\"][vc_column column_padding=\"no-extra-padding\" column_padding_tablet=\"inherit\" column_padding_phone=\"inherit\" column_padding_position=\"all\" column_element_spacing=\"default\" background_color_opacity=\"1\" background_hover_color_opacity=\"1\" column_shadow=\"none\" column_border_radius=\"none\" column_link_target=\"_self\" column_position=\"default\" gradient_direction=\"left_to_right\" overlay_strength=\"0.3\" width=\"1\/2\" tablet_width_inherit=\"default\" tablet_text_alignment=\"default\" phone_text_alignment=\"default\" animation_type=\"default\" bg_image_animation=\"none\" border_type=\"simple\" column_border_width=\"none\" column_border_style=\"solid\"][vc_column_text]<span style=\"font-weight: 400;\">D\u00fcrfen wir uns kurz vorstellen? Wir sind Carla und Theo Hoen. Im Jahr 2020 sind wir nach Untertweng gezogen und haben drei Apartments sowie ein eigenes Haus realisiert. Die Apartments sind wundersch\u00f6n geworden. Werfen Sie doch einen Blick auf die Website, um die verschiedenen Ausf\u00fchrungen zu sehen.<\/span><\/p>\n<p><span style=\"font-weight: 400;\">Inzwischen haben wir auch den Garten angepasst, und mit einem Schwimmbad und verschiedenen Terrassen l\u00e4sst es sich hier gut aushalten. Von den Terrassen, Balkonen und dem Garten aus haben wir wundersch\u00f6ne Ausblicke.<\/span><\/p>\n<p><span style=\"font-weight: 400;\">Haus Hoen liegt sehr zentral in Bezug auf die Berge und Seen. Weitere Details finden Sie auf der Website.<\/span><\/p>\n<p><span style=\"font-weight: 400;\">Im Winter ist es ein ausgezeichneter Ausgangspunkt zum Skifahren und Wandern in den Schneeregionen von Bad Kleinkirchheim, Goldeck, Turracher H\u00f6he und den Gerlitzen Alpen. Im Sommer sind wir sehr zentral gelegen, um die Berge zum Wandern oder Radfahren zu nutzen. Es gibt eine gro\u00dfe Auswahl an gastronomischen Einrichtungen. Auch die Seen Brennsee, Millst\u00e4ttersee, Ossiachersee, Afritzersee und W\u00f6rthersee sind bequem erreichbar. St\u00e4dte wie Spittal, Villach und die L\u00e4nder Italien und Slowenien sind 20 Minuten von uns entfernt, und die Landeshauptstadt K\u00e4rntens, Klagenfurt, ist mit dem Auto in 50 Minuten zu erreichen.<\/span><\/p>\n<p><span style=\"font-weight: 400;\">Nachdem wir die Apartments realisiert hatten, haben wir uns auf die Ausgestaltung von Haus Hoen konzentriert. Diese Ausgestaltung hat jetzt unsere Aufmerksamkeit. Buchen Sie einen Urlaub im Haus Hoen und \u00fcberzeugen Sie sich selbst.\u00a0<\/span><\/p>\n<p><span style=\"font-weight: 400;\">Servus und auf Wiedersehen im Haus Hoen.<br \/>\n<\/span><span style=\"font-weight: 400;\">Carla und Theo<\/span>[\/vc_column_text][\/vc_column][vc_column column_padding=\"no-extra-padding\" column_padding_tablet=\"inherit\" column_padding_phone=\"inherit\" column_padding_position=\"all\" column_element_spacing=\"default\" background_color_opacity=\"1\" background_hover_color_opacity=\"1\" column_shadow=\"none\" column_border_radius=\"none\" column_link_target=\"_self\" column_position=\"default\" gradient_direction=\"left_to_right\" overlay_strength=\"0.3\" width=\"1\/2\" tablet_width_inherit=\"default\" tablet_text_alignment=\"default\" phone_text_alignment=\"default\" animation_type=\"default\" bg_image_animation=\"none\" border_type=\"simple\" column_border_width=\"none\" column_border_style=\"solid\"][nectar_cascading_images image_1_url=\"5902\" image_1_offset_x_sign=\"+\" image_1_offset_x=\"15%\" image_1_offset_y_sign=\"-\" image_1_offset_y=\"55%\" image_1_rotate_sign=\"+\" image_1_rotate=\"none\" image_1_scale=\"1\" image_1_animation=\"Grow In\" image_1_padding=\"auto\" image_1_box_shadow=\"none\" image_1_max_width_desktop=\"100%\" image_1_max_width_mobile=\"100%\" image_1_image_width_mobile=\"default\" image_2_url=\"6851\" image_2_offset_x_sign=\"+\" image_2_offset_x=\"0%\" image_2_offset_y_sign=\"+\" image_2_offset_y=\"25%\" image_2_rotate_sign=\"+\" image_2_rotate=\"none\" image_2_scale=\"1\" image_2_animation=\"Grow In\" image_2_padding=\"auto\" image_2_box_shadow=\"none\" image_2_max_width_desktop=\"100%\" image_2_max_width_mobile=\"100%\" image_2_image_width_mobile=\"default\" image_3_url=\"6937\" image_3_offset_x_sign=\"+\" image_3_offset_x=\"80%\" image_3_offset_y_sign=\"+\" image_3_offset_y=\"15%\" image_3_rotate_sign=\"+\" image_3_rotate=\"none\" image_3_scale=\"1\" image_3_animation=\"Grow In\" image_3_padding=\"auto\" image_3_box_shadow=\"none\" image_3_max_width_desktop=\"100%\" image_3_max_width_mobile=\"100%\" image_3_image_width_mobile=\"default\" image_4_offset_x_sign=\"+\" image_4_offset_x=\"0%\" image_4_offset_y_sign=\"+\" image_4_offset_y=\"0%\" image_4_rotate_sign=\"+\" image_4_rotate=\"none\" image_4_scale=\"1\" image_4_animation=\"Fade In\" image_4_padding=\"auto\" image_4_box_shadow=\"none\" image_4_max_width_desktop=\"100%\" image_4_max_width_mobile=\"100%\" image_4_image_width_mobile=\"default\" element_sizing=\"default\" image_loading=\"default\" border_radius=\"none\" overflow=\"visible\"][\/vc_column][\/vc_row][vc_row type=\"full_width_background\" full_screen_row_position=\"middle\" column_margin=\"default\" column_direction=\"default\" column_direction_tablet=\"default\" column_direction_phone=\"default\" scene_position=\"center\" bottom_padding=\"300\" text_color=\"dark\" text_align=\"left\" row_border_radius=\"none\" row_border_radius_applies=\"bg\" overflow=\"visible\" overlay_strength=\"0.3\" gradient_direction=\"left_to_right\" enable_shape_divider=\"true\" shape_divider_color=\"#34634d\" shape_divider_position=\"bottom\" shape_divider_height=\"300\" bg_image_animation=\"none\" shape_type=\"mountains\"][vc_column column_padding=\"no-extra-padding\" column_padding_tablet=\"inherit\" column_padding_phone=\"inherit\" column_padding_position=\"all\" column_element_spacing=\"default\" background_color_opacity=\"1\" background_hover_color_opacity=\"1\" column_shadow=\"none\" column_border_radius=\"none\" column_link_target=\"_self\" column_position=\"default\" gradient_direction=\"left_to_right\" overlay_strength=\"0.3\" width=\"1\/1\" tablet_width_inherit=\"default\" tablet_text_alignment=\"default\" phone_text_alignment=\"default\" animation_type=\"default\" bg_image_animation=\"none\" border_type=\"simple\" column_border_width=\"none\" column_border_style=\"solid\"][vc_row_inner column_margin=\"default\" column_direction=\"default\" column_direction_tablet=\"default\" column_direction_phone=\"default\" top_padding=\"20\" text_align=\"left\" row_position=\"default\" row_position_tablet=\"inherit\" row_position_phone=\"inherit\" class=\"row-inner-heading\" overflow=\"visible\" pointer_events=\"all\"][vc_column_inner column_padding=\"no-extra-padding\" column_padding_tablet=\"inherit\" column_padding_phone=\"inherit\" column_padding_position=\"all\" column_element_spacing=\"default\" background_color_opacity=\"1\" background_hover_color_opacity=\"1\" column_shadow=\"none\" column_border_radius=\"none\" column_link_target=\"_self\" gradient_direction=\"left_to_right\" overlay_strength=\"0.3\" width=\"1\/1\" tablet_width_inherit=\"default\" animation_type=\"default\" bg_image_animation=\"none\" border_type=\"simple\" column_border_width=\"none\" column_border_style=\"solid\"][image_with_animation image_url=\"6272\" image_size=\"full\" animation_type=\"entrance\" animation=\"Fade In\" hover_animation=\"none\" alignment=\"center\" border_radius=\"none\" box_shadow=\"none\" image_loading=\"default\" max_width=\"100%\" max_width_mobile=\"default\" el_class=\"title-icon\"][vc_custom_heading text=\"Eindr\u00fccke\" font_container=\"tag:h2|text_align:center|color:%2334634d\" use_theme_fonts=\"yes\"][divider line_type=\"Full Width Line\" line_thickness=\"1\" divider_color=\"accent-color\" animate=\"yes\"][\/vc_column_inner][\/vc_row_inner][vc_row_inner equal_height=\"yes\" content_placement=\"bottom\" column_margin=\"none\" column_direction=\"default\" column_direction_tablet=\"default\" column_direction_phone=\"default\" text_align=\"left\" row_position=\"default\" row_position_tablet=\"inherit\" row_position_phone=\"inherit\" overflow=\"visible\" pointer_events=\"all\"][vc_column_inner column_padding=\"padding-1-percent\" column_padding_tablet=\"inherit\" column_padding_phone=\"inherit\" column_padding_position=\"all\" column_element_spacing=\"default\" background_color_opacity=\"1\" background_hover_color_opacity=\"1\" column_shadow=\"none\" column_border_radius=\"none\" column_link_target=\"_self\" gradient_direction=\"left_to_right\" overlay_strength=\"0.3\" width=\"1\/2\" tablet_width_inherit=\"default\" animation_type=\"default\" bg_image_animation=\"none\" border_type=\"simple\" column_border_width=\"none\" column_border_style=\"solid\" offset=\"vc_col-xs-6\"][image_with_animation image_url=\"6921\" image_size=\"full\" animation_type=\"entrance\" animation=\"None\" hover_animation=\"none\" alignment=\"\" border_radius=\"none\" box_shadow=\"none\" image_loading=\"default\" max_width=\"100%\" max_width_mobile=\"default\"][\/vc_column_inner][vc_column_inner column_padding=\"padding-1-percent\" column_padding_tablet=\"inherit\" column_padding_phone=\"inherit\" column_padding_position=\"all\" column_element_spacing=\"default\" background_color_opacity=\"1\" background_hover_color_opacity=\"1\" column_shadow=\"none\" column_border_radius=\"none\" column_link_target=\"_self\" gradient_direction=\"left_to_right\" overlay_strength=\"0.3\" width=\"1\/3\" tablet_width_inherit=\"default\" animation_type=\"default\" bg_image_animation=\"none\" border_type=\"simple\" column_border_width=\"none\" column_border_style=\"solid\" offset=\"vc_col-xs-4\"][image_with_animation image_url=\"6250\" image_size=\"full\" animation_type=\"entrance\" animation=\"None\" hover_animation=\"none\" alignment=\"\" border_radius=\"none\" box_shadow=\"none\" image_loading=\"default\" max_width=\"100%\" max_width_mobile=\"default\"][\/vc_column_inner][vc_column_inner column_padding=\"no-extra-padding\" column_padding_tablet=\"inherit\" column_padding_phone=\"inherit\" column_padding_position=\"all\" column_element_spacing=\"default\" background_color_opacity=\"1\" background_hover_color_opacity=\"1\" column_shadow=\"none\" column_border_radius=\"none\" column_link_target=\"_self\" gradient_direction=\"left_to_right\" overlay_strength=\"0.3\" width=\"1\/6\" tablet_width_inherit=\"default\" animation_type=\"default\" bg_image_animation=\"none\" border_type=\"simple\" column_border_width=\"none\" column_border_style=\"solid\"][\/vc_column_inner][\/vc_row_inner][vc_row_inner equal_height=\"yes\" content_placement=\"top\" column_margin=\"none\" column_direction=\"default\" column_direction_tablet=\"default\" column_direction_phone=\"default\" bottom_padding=\"6%\" text_align=\"left\" row_position=\"default\" row_position_tablet=\"inherit\" row_position_phone=\"inherit\" overflow=\"visible\" pointer_events=\"all\"][vc_column_inner column_padding=\"padding-2-percent\" column_padding_tablet=\"inherit\" column_padding_phone=\"inherit\" column_padding_position=\"all\" column_element_spacing=\"default\" background_color_opacity=\"1\" background_hover_color_opacity=\"1\" column_shadow=\"none\" column_border_radius=\"none\" column_link_target=\"_self\" gradient_direction=\"left_to_right\" overlay_strength=\"0.3\" width=\"1\/12\" tablet_width_inherit=\"default\" animation_type=\"default\" bg_image_animation=\"none\" border_type=\"simple\" column_border_width=\"none\" column_border_style=\"solid\" offset=\"vc_col-xs-1\"][\/vc_column_inner][vc_column_inner column_padding=\"padding-1-percent\" column_padding_tablet=\"inherit\" column_padding_phone=\"inherit\" column_padding_position=\"all\" column_element_spacing=\"default\" background_color_opacity=\"1\" background_hover_color_opacity=\"1\" column_shadow=\"none\" column_border_radius=\"none\" column_link_target=\"_self\" gradient_direction=\"left_to_right\" overlay_strength=\"0.3\" width=\"1\/4\" tablet_width_inherit=\"default\" animation_type=\"default\" bg_image_animation=\"none\" border_type=\"simple\" column_border_width=\"none\" column_border_style=\"solid\" offset=\"vc_col-xs-3\"][image_with_animation image_url=\"5918\" image_size=\"full\" animation_type=\"entrance\" animation=\"None\" hover_animation=\"none\" alignment=\"\" border_radius=\"none\" box_shadow=\"medium_depth\" image_loading=\"default\" max_width=\"100%\" max_width_mobile=\"default\"][\/vc_column_inner][vc_column_inner column_padding=\"padding-1-percent\" column_padding_tablet=\"inherit\" column_padding_phone=\"inherit\" column_padding_position=\"all\" column_element_spacing=\"default\" background_color_opacity=\"1\" background_hover_color_opacity=\"1\" column_shadow=\"none\" column_border_radius=\"none\" column_link_target=\"_self\" gradient_direction=\"left_to_right\" overlay_strength=\"0.3\" width=\"1\/3\" tablet_width_inherit=\"default\" animation_type=\"default\" bg_image_animation=\"none\" border_type=\"simple\" column_border_width=\"none\" column_border_style=\"solid\" offset=\"vc_col-xs-4\"][image_with_animation image_url=\"6315\" image_size=\"full\" animation_type=\"entrance\" animation=\"None\" hover_animation=\"none\" alignment=\"\" border_radius=\"none\" box_shadow=\"medium_depth\" image_loading=\"default\" max_width=\"100%\" max_width_mobile=\"default\"][\/vc_column_inner][vc_column_inner column_padding=\"padding-1-percent\" column_padding_tablet=\"inherit\" column_padding_phone=\"inherit\" column_padding_position=\"all\" column_element_spacing=\"default\" background_color_opacity=\"1\" background_hover_color_opacity=\"1\" column_shadow=\"none\" column_border_radius=\"none\" column_link_target=\"_self\" gradient_direction=\"left_to_right\" overlay_strength=\"0.3\" width=\"1\/3\" tablet_width_inherit=\"default\" animation_type=\"default\" bg_image_animation=\"none\" border_type=\"simple\" column_border_width=\"none\" column_border_style=\"solid\" offset=\"vc_col-xs-4\"][image_with_animation image_url=\"6933\" image_size=\"full\" animation_type=\"entrance\" animation=\"None\" hover_animation=\"none\" alignment=\"\" border_radius=\"none\" box_shadow=\"medium_depth\" image_loading=\"default\" max_width=\"100%\" max_width_mobile=\"default\"][\/vc_column_inner][\/vc_row_inner][vc_row_inner disable_element=\"yes\" column_margin=\"default\" column_direction=\"default\" column_direction_tablet=\"default\" column_direction_phone=\"default\" top_padding=\"50\" bottom_padding=\"4%\" text_align=\"center\" row_position=\"default\" row_position_tablet=\"inherit\" row_position_phone=\"inherit\" overflow=\"visible\" pointer_events=\"all\"][vc_column_inner column_padding=\"no-extra-padding\" column_padding_tablet=\"inherit\" column_padding_phone=\"inherit\" column_padding_position=\"all\" column_element_spacing=\"default\" background_color_opacity=\"1\" background_hover_color_opacity=\"1\" column_shadow=\"none\" column_border_radius=\"none\" column_link_target=\"_self\" gradient_direction=\"left_to_right\" overlay_strength=\"0.3\" width=\"1\/1\" tablet_width_inherit=\"default\" animation_type=\"default\" bg_image_animation=\"none\" border_type=\"simple\" column_border_width=\"none\" column_border_style=\"solid\"][nectar_btn size=\"jumbo\" button_style=\"regular\" button_color_2=\"Extra-Color-2\" icon_family=\"none\" text=\"Check all images\" url=\"#\" css_animation=\"fadeInUp\"][\/vc_column_inner][\/vc_row_inner][\/vc_column][\/vc_row]\n","protected":false},"excerpt":{"rendered":"<p>[vc_row type=\"full_width_background\" full_screen_row_position=\"middle\" column_margin=\"default\" column_direction=\"default\" column_direction_tablet=\"default\" column_direction_phone=\"default\" scene_position=\"center\" top_padding=\"100\" text_color=\"dark\" text_align=\"left\" row_border_radius=\"none\" row_border_radius_applies=\"bg\" overflow=\"visible\" overlay_strength=\"0.3\" gradient_direction=\"left_to_right\" shape_divider_position=\"bottom\" bg_image_animation=\"none\" shape_type=\"\"][vc_column column_padding=\"no-extra-padding\" column_padding_tablet=\"inherit\" column_padding_phone=\"inherit\" column_padding_position=\"all\" column_element_spacing=\"default\" background_color_opacity=\"1\"...<\/p>\n","protected":false},"author":4,"featured_media":0,"parent":0,"menu_order":0,"comment_status":"closed","ping_status":"closed","template":"","meta":{"inline_featured_image":false,"footnotes":""},"class_list":["post-6382","page","type-page","status-publish"],"yoast_head":"<!-- This site is optimized with the Yoast SEO plugin v27.5 - https:\/\/yoast.com\/product\/yoast-seo-wordpress\/ -->\n<title>Haus Hoen - Haus Hoen<\/title>\n<meta name=\"robots\" content=\"index, follow, max-snippet:-1, max-image-preview:large, max-video-preview:-1\" \/>\n<link rel=\"canonical\" href=\"https:\/\/haushoen.com\/de\/haus-hoen\/\" \/>\n<meta property=\"og:locale\" content=\"de_DE\" \/>\n<meta property=\"og:type\" content=\"article\" \/>\n<meta property=\"og:title\" content=\"Haus Hoen - Haus Hoen\" \/>\n<meta property=\"og:description\" content=\"[vc_row type=&quot;full_width_background&quot; full_screen_row_position=&quot;middle&quot; column_margin=&quot;default&quot; column_direction=&quot;default&quot; column_direction_tablet=&quot;default&quot; column_direction_phone=&quot;default&quot; scene_position=&quot;center&quot; top_padding=&quot;100&quot; text_color=&quot;dark&quot; text_align=&quot;left&quot; row_border_radius=&quot;none&quot; row_border_radius_applies=&quot;bg&quot; overflow=&quot;visible&quot; overlay_strength=&quot;0.3&quot; gradient_direction=&quot;left_to_right&quot; shape_divider_position=&quot;bottom&quot; bg_image_animation=&quot;none&quot; shape_type=&quot;&quot;][vc_column column_padding=&quot;no-extra-padding&quot; column_padding_tablet=&quot;inherit&quot; column_padding_phone=&quot;inherit&quot; column_padding_position=&quot;all&quot; column_element_spacing=&quot;default&quot; background_color_opacity=&quot;1&quot;...\" \/>\n<meta property=\"og:url\" content=\"https:\/\/haushoen.com\/de\/haus-hoen\/\" \/>\n<meta property=\"og:site_name\" content=\"Haus Hoen\" \/>\n<meta property=\"article:modified_time\" content=\"2024-02-02T14:34:07+00:00\" \/>\n<meta name=\"twitter:card\" content=\"summary_large_image\" \/>\n<meta name=\"twitter:label1\" content=\"Gesch\u00e4tzte Lesezeit\" \/>\n\t<meta name=\"twitter:data1\" content=\"5\u00a0Minuten\" \/>\n<script type=\"application\/ld+json\" class=\"yoast-schema-graph\">{\"@context\":\"https:\\\/\\\/schema.org\",\"@graph\":[{\"@type\":\"WebPage\",\"@id\":\"https:\\\/\\\/haushoen.com\\\/de\\\/haus-hoen\\\/\",\"url\":\"https:\\\/\\\/haushoen.com\\\/de\\\/haus-hoen\\\/\",\"name\":\"Haus Hoen - Haus Hoen\",\"isPartOf\":{\"@id\":\"https:\\\/\\\/haushoen.com\\\/#website\"},\"datePublished\":\"2021-01-26T08:22:22+00:00\",\"dateModified\":\"2024-02-02T14:34:07+00:00\",\"breadcrumb\":{\"@id\":\"https:\\\/\\\/haushoen.com\\\/de\\\/haus-hoen\\\/#breadcrumb\"},\"inLanguage\":\"de\",\"potentialAction\":[{\"@type\":\"ReadAction\",\"target\":[\"https:\\\/\\\/haushoen.com\\\/de\\\/haus-hoen\\\/\"]}]},{\"@type\":\"BreadcrumbList\",\"@id\":\"https:\\\/\\\/haushoen.com\\\/de\\\/haus-hoen\\\/#breadcrumb\",\"itemListElement\":[{\"@type\":\"ListItem\",\"position\":1,\"name\":\"Home\",\"item\":\"https:\\\/\\\/haushoen.com\\\/de\\\/\"},{\"@type\":\"ListItem\",\"position\":2,\"name\":\"Haus Hoen\"}]},{\"@type\":\"WebSite\",\"@id\":\"https:\\\/\\\/haushoen.com\\\/#website\",\"url\":\"https:\\\/\\\/haushoen.com\\\/\",\"name\":\"Haus Hoen\",\"description\":\"Zwischen Berg und See\",\"potentialAction\":[{\"@type\":\"SearchAction\",\"target\":{\"@type\":\"EntryPoint\",\"urlTemplate\":\"https:\\\/\\\/haushoen.com\\\/?s={search_term_string}\"},\"query-input\":{\"@type\":\"PropertyValueSpecification\",\"valueRequired\":true,\"valueName\":\"search_term_string\"}}],\"inLanguage\":\"de\"}]}<\/script>\n<!-- \/ Yoast SEO plugin. -->","yoast_head_json":{"title":"Haus Hoen - Haus Hoen","robots":{"index":"index","follow":"follow","max-snippet":"max-snippet:-1","max-image-preview":"max-image-preview:large","max-video-preview":"max-video-preview:-1"},"canonical":"https:\/\/haushoen.com\/de\/haus-hoen\/","og_locale":"de_DE","og_type":"article","og_title":"Haus Hoen - Haus Hoen","og_description":"[vc_row type=\"full_width_background\" full_screen_row_position=\"middle\" column_margin=\"default\" column_direction=\"default\" column_direction_tablet=\"default\" column_direction_phone=\"default\" scene_position=\"center\" top_padding=\"100\" text_color=\"dark\" text_align=\"left\" row_border_radius=\"none\" row_border_radius_applies=\"bg\" overflow=\"visible\" overlay_strength=\"0.3\" gradient_direction=\"left_to_right\" shape_divider_position=\"bottom\" bg_image_animation=\"none\" shape_type=\"\"][vc_column column_padding=\"no-extra-padding\" column_padding_tablet=\"inherit\" column_padding_phone=\"inherit\" column_padding_position=\"all\" column_element_spacing=\"default\" background_color_opacity=\"1\"...","og_url":"https:\/\/haushoen.com\/de\/haus-hoen\/","og_site_name":"Haus Hoen","article_modified_time":"2024-02-02T14:34:07+00:00","twitter_card":"summary_large_image","twitter_misc":{"Gesch\u00e4tzte Lesezeit":"5\u00a0Minuten"},"schema":{"@context":"https:\/\/schema.org","@graph":[{"@type":"WebPage","@id":"https:\/\/haushoen.com\/de\/haus-hoen\/","url":"https:\/\/haushoen.com\/de\/haus-hoen\/","name":"Haus Hoen - Haus Hoen","isPartOf":{"@id":"https:\/\/haushoen.com\/#website"},"datePublished":"2021-01-26T08:22:22+00:00","dateModified":"2024-02-02T14:34:07+00:00","breadcrumb":{"@id":"https:\/\/haushoen.com\/de\/haus-hoen\/#breadcrumb"},"inLanguage":"de","potentialAction":[{"@type":"ReadAction","target":["https:\/\/haushoen.com\/de\/haus-hoen\/"]}]},{"@type":"BreadcrumbList","@id":"https:\/\/haushoen.com\/de\/haus-hoen\/#breadcrumb","itemListElement":[{"@type":"ListItem","position":1,"name":"Home","item":"https:\/\/haushoen.com\/de\/"},{"@type":"ListItem","position":2,"name":"Haus Hoen"}]},{"@type":"WebSite","@id":"https:\/\/haushoen.com\/#website","url":"https:\/\/haushoen.com\/","name":"Haus Hoen","description":"Zwischen Berg und See","potentialAction":[{"@type":"SearchAction","target":{"@type":"EntryPoint","urlTemplate":"https:\/\/haushoen.com\/?s={search_term_string}"},"query-input":{"@type":"PropertyValueSpecification","valueRequired":true,"valueName":"search_term_string"}}],"inLanguage":"de"}]}},"_links":{"self":[{"href":"https:\/\/haushoen.com\/de\/wp-json\/wp\/v2\/pages\/6382","targetHints":{"allow":["GET"]}}],"collection":[{"href":"https:\/\/haushoen.com\/de\/wp-json\/wp\/v2\/pages"}],"about":[{"href":"https:\/\/haushoen.com\/de\/wp-json\/wp\/v2\/types\/page"}],"author":[{"embeddable":true,"href":"https:\/\/haushoen.com\/de\/wp-json\/wp\/v2\/users\/4"}],"replies":[{"embeddable":true,"href":"https:\/\/haushoen.com\/de\/wp-json\/wp\/v2\/comments?post=6382"}],"version-history":[{"count":1,"href":"https:\/\/haushoen.com\/de\/wp-json\/wp\/v2\/pages\/6382\/revisions"}],"predecessor-version":[{"id":7899,"href":"https:\/\/haushoen.com\/de\/wp-json\/wp\/v2\/pages\/6382\/revisions\/7899"}],"wp:attachment":[{"href":"https:\/\/haushoen.com\/de\/wp-json\/wp\/v2\/media?parent=6382"}],"curies":[{"name":"wp","href":"https:\/\/api.w.org\/{rel}","templated":true}]}}